{"id":89,"date":"2019-08-19T09:36:40","date_gmt":"2019-08-19T07:36:40","guid":{"rendered":"http:\/\/bon-comme.eu\/?page_id=89"},"modified":"2024-09-13T11:16:11","modified_gmt":"2024-09-13T09:16:11","slug":"la-farine-depeautre","status":"publish","type":"page","link":"https:\/\/bon-comme.eu\/?page_id=89","title":{"rendered":"Mati\u00e8res premi\u00e8res de qualit\u00e9"},"content":{"rendered":"<p>Il a toujours \u00e9t\u00e9 dans notre mode de conduite de privil\u00e9gier les ingr\u00e9dients de qualit\u00e9 tout en bannissant les additifs et conservateurs qui n&rsquo;ont pas lieu d&rsquo;\u00eatre pour nos produits.  Nous essayons au maximum de nous fournir de plus aupr\u00e8s de producteurs belges (parce que l&rsquo;union fait la force, n&rsquo;est-ce-pas?).<\/p><p>Tout d&rsquo;abord, la farine vient du moulin de Vencimont. Une farine naturelle, sans additif, ni am\u00e9liorant ou enzyme de synth\u00e8se issue de c\u00e9r\u00e9ales produites en Wallonie.<\/p><p>Nos \u0153ufs frais sont produits \u00e0 la ferme de Frocourt \u00e0 Eghez\u00e9e.<\/p><p>Nous utilisons aussi du vrai beurre dans nos pr\u00e9parations, pas de margarine d&rsquo;aucune sorte&#8230;<\/p><p>Bien s\u00fbr, dans les biscuits qui en demandent, le chocolat est belge pour cause de fiert\u00e9 nationale et la vanille est issue de vraies gousses de Madagascar (apr\u00e8s, si vous connaissez un producteur wallon, libre \u00e0 vous de nous en faire part!)!<\/p><p>Pour les curieux, vous aurez peut-\u00eatre remarqu\u00e9 l&rsquo;apparition dans les rayons des biscuits ap\u00e9ritif aux dr\u00eaches. Mais qu&rsquo;est-ce que la dr\u00eache?  Il s&rsquo;agit des \u00ab\u00a0d\u00e9chets\u00a0\u00bb de l&rsquo;industrie brassicole, autrement dit de la mati\u00e8re solide obtenue apr\u00e8s filtration lors du  brassage, soit le malt, les grains d&rsquo;orge ou encore d&rsquo;\u00e9peautre r\u00e9siduels. <\/p><p>Mais peut-on vraiment parler de d\u00e9chets quand cela contient autant de b\u00e9n\u00e9fices nutritionnels? En effet, elles sont bourr\u00e9es de fibres et de prot\u00e9ines en plus d&rsquo;\u00eatre une bonne source de fer! Il serait donc dommage de les jeter!<\/p><p>Pour faire \u00ab\u00a0on ne peut plus local\u00a0\u00bb, je suis donc all\u00e9e qu\u00e9mander de la dr\u00eache aupr\u00e8s de mes voisins, la Brasserie de l&rsquo;Orne, brasserie bio se trouvant aussi sur le site du projet \u00ab\u00a0Sur le champs\u00a0\u00bb (Avis aux amateurs, ils ont de nombreuses sortes de bi\u00e8res qui valent le d\u00e9tour!).<\/p><p><\/p><p><\/p>","protected":false},"excerpt":{"rendered":"<p>Il a toujours \u00e9t\u00e9 dans notre mode de conduite de privil\u00e9gier les ingr\u00e9dients de qualit\u00e9 tout en bannissant les additifs et conservateurs qui n&rsquo;ont pas lieu d&rsquo;\u00eatre pour nos produits. Nous essayons au maximum de nous fournir de plus aupr\u00e8s de producteurs belges (parce que l&rsquo;union fait la force, n&rsquo;est-ce-pas?). Tout d&rsquo;abord, la farine vient &hellip; <\/p>\n<p class=\"link-more\"><a href=\"https:\/\/bon-comme.eu\/?page_id=89\" class=\"more-link\">Continuer la lecture<span class=\"screen-reader-text\"> de &laquo;&nbsp;Mati\u00e8res premi\u00e8res de qualit\u00e9&nbsp;&raquo;<\/span><\/a><\/p>\n","protected":false},"author":1,"featured_media":39,"parent":0,"menu_order":0,"comment_status":"closed","ping_status":"closed","template":"","meta":{"footnotes":""},"class_list":["post-89","page","type-page","status-publish","has-post-thumbnail","hentry"],"yoast_head":"<!-- This site is optimized with the Yoast SEO plugin v23.9 - https:\/\/yoast.com\/wordpress\/plugins\/seo\/ -->\n<title>Mati\u00e8res premi\u00e8res de qualit\u00e9 - Bon.comme<\/title>\n<meta name=\"robots\" content=\"index, follow, max-snippet:-1, max-image-preview:large, max-video-preview:-1\" \/>\n<link rel=\"canonical\" href=\"https:\/\/bon-comme.eu\/?page_id=89\" \/>\n<meta property=\"og:locale\" content=\"fr_FR\" \/>\n<meta property=\"og:type\" content=\"article\" \/>\n<meta property=\"og:title\" content=\"Mati\u00e8res premi\u00e8res de qualit\u00e9 - Bon.comme\" \/>\n<meta property=\"og:description\" content=\"Il a toujours \u00e9t\u00e9 dans notre mode de conduite de privil\u00e9gier les ingr\u00e9dients de qualit\u00e9 tout en bannissant les additifs et conservateurs qui n&rsquo;ont pas lieu d&rsquo;\u00eatre pour nos produits. Nous essayons au maximum de nous fournir de plus aupr\u00e8s de producteurs belges (parce que l&rsquo;union fait la force, n&rsquo;est-ce-pas?). Tout d&rsquo;abord, la farine vient &hellip; Continuer la lecture de &laquo;&nbsp;Mati\u00e8res premi\u00e8res de qualit\u00e9&nbsp;&raquo;\" \/>\n<meta property=\"og:url\" content=\"https:\/\/bon-comme.eu\/?page_id=89\" \/>\n<meta property=\"og:site_name\" content=\"Bon.comme\" \/>\n<meta property=\"article:modified_time\" content=\"2024-09-13T09:16:11+00:00\" \/>\n<meta property=\"og:image\" content=\"https:\/\/bon-comme.eu\/wp-content\/uploads\/2019\/07\/IMG_7726-scaled.jpg\" \/>\n\t<meta property=\"og:image:width\" content=\"2560\" \/>\n\t<meta property=\"og:image:height\" content=\"1707\" \/>\n\t<meta property=\"og:image:type\" content=\"image\/jpeg\" \/>\n<meta name=\"twitter:card\" content=\"summary_large_image\" \/>\n<meta name=\"twitter:label1\" content=\"Dur\u00e9e de lecture estim\u00e9e\" \/>\n\t<meta name=\"twitter:data1\" content=\"2 minutes\" \/>\n<script type=\"application\/ld+json\" class=\"yoast-schema-graph\">{\"@context\":\"https:\/\/schema.org\",\"@graph\":[{\"@type\":\"WebPage\",\"@id\":\"https:\/\/bon-comme.eu\/?page_id=89\",\"url\":\"https:\/\/bon-comme.eu\/?page_id=89\",\"name\":\"Mati\u00e8res premi\u00e8res de qualit\u00e9 - Bon.comme\",\"isPartOf\":{\"@id\":\"https:\/\/bon-comme.eu\/#website\"},\"primaryImageOfPage\":{\"@id\":\"https:\/\/bon-comme.eu\/?page_id=89#primaryimage\"},\"image\":{\"@id\":\"https:\/\/bon-comme.eu\/?page_id=89#primaryimage\"},\"thumbnailUrl\":\"https:\/\/bon-comme.eu\/wp-content\/uploads\/2019\/07\/IMG_7726-scaled.jpg\",\"datePublished\":\"2019-08-19T07:36:40+00:00\",\"dateModified\":\"2024-09-13T09:16:11+00:00\",\"breadcrumb\":{\"@id\":\"https:\/\/bon-comme.eu\/?page_id=89#breadcrumb\"},\"inLanguage\":\"fr-FR\",\"potentialAction\":[{\"@type\":\"ReadAction\",\"target\":[\"https:\/\/bon-comme.eu\/?page_id=89\"]}]},{\"@type\":\"ImageObject\",\"inLanguage\":\"fr-FR\",\"@id\":\"https:\/\/bon-comme.eu\/?page_id=89#primaryimage\",\"url\":\"https:\/\/bon-comme.eu\/wp-content\/uploads\/2019\/07\/IMG_7726-scaled.jpg\",\"contentUrl\":\"https:\/\/bon-comme.eu\/wp-content\/uploads\/2019\/07\/IMG_7726-scaled.jpg\",\"width\":2560,\"height\":1707},{\"@type\":\"BreadcrumbList\",\"@id\":\"https:\/\/bon-comme.eu\/?page_id=89#breadcrumb\",\"itemListElement\":[{\"@type\":\"ListItem\",\"position\":1,\"name\":\"Accueil\",\"item\":\"https:\/\/bon-comme.eu\/\"},{\"@type\":\"ListItem\",\"position\":2,\"name\":\"Mati\u00e8res premi\u00e8res de qualit\u00e9\"}]},{\"@type\":\"WebSite\",\"@id\":\"https:\/\/bon-comme.eu\/#website\",\"url\":\"https:\/\/bon-comme.eu\/\",\"name\":\"Bon.comme\",\"description\":\"Biscuiterie de tradition\",\"publisher\":{\"@id\":\"https:\/\/bon-comme.eu\/#organization\"},\"potentialAction\":[{\"@type\":\"SearchAction\",\"target\":{\"@type\":\"EntryPoint\",\"urlTemplate\":\"https:\/\/bon-comme.eu\/?s={search_term_string}\"},\"query-input\":{\"@type\":\"PropertyValueSpecification\",\"valueRequired\":true,\"valueName\":\"search_term_string\"}}],\"inLanguage\":\"fr-FR\"},{\"@type\":\"Organization\",\"@id\":\"https:\/\/bon-comme.eu\/#organization\",\"name\":\"Bon.comme\",\"url\":\"https:\/\/bon-comme.eu\/\",\"logo\":{\"@type\":\"ImageObject\",\"inLanguage\":\"fr-FR\",\"@id\":\"https:\/\/bon-comme.eu\/#\/schema\/logo\/image\/\",\"url\":\"https:\/\/bon-comme.eu\/wp-content\/uploads\/2023\/12\/cropped-Etiquette-Biscuiterie.jpg\",\"contentUrl\":\"https:\/\/bon-comme.eu\/wp-content\/uploads\/2023\/12\/cropped-Etiquette-Biscuiterie.jpg\",\"width\":250,\"height\":250,\"caption\":\"Bon.comme\"},\"image\":{\"@id\":\"https:\/\/bon-comme.eu\/#\/schema\/logo\/image\/\"}}]}<\/script>\n<!-- \/ Yoast SEO plugin. -->","yoast_head_json":{"title":"Mati\u00e8res premi\u00e8res de qualit\u00e9 - Bon.comme","robots":{"index":"index","follow":"follow","max-snippet":"max-snippet:-1","max-image-preview":"max-image-preview:large","max-video-preview":"max-video-preview:-1"},"canonical":"https:\/\/bon-comme.eu\/?page_id=89","og_locale":"fr_FR","og_type":"article","og_title":"Mati\u00e8res premi\u00e8res de qualit\u00e9 - Bon.comme","og_description":"Il a toujours \u00e9t\u00e9 dans notre mode de conduite de privil\u00e9gier les ingr\u00e9dients de qualit\u00e9 tout en bannissant les additifs et conservateurs qui n&rsquo;ont pas lieu d&rsquo;\u00eatre pour nos produits. Nous essayons au maximum de nous fournir de plus aupr\u00e8s de producteurs belges (parce que l&rsquo;union fait la force, n&rsquo;est-ce-pas?). Tout d&rsquo;abord, la farine vient &hellip; Continuer la lecture de &laquo;&nbsp;Mati\u00e8res premi\u00e8res de qualit\u00e9&nbsp;&raquo;","og_url":"https:\/\/bon-comme.eu\/?page_id=89","og_site_name":"Bon.comme","article_modified_time":"2024-09-13T09:16:11+00:00","og_image":[{"width":2560,"height":1707,"url":"https:\/\/bon-comme.eu\/wp-content\/uploads\/2019\/07\/IMG_7726-scaled.jpg","type":"image\/jpeg"}],"twitter_card":"summary_large_image","twitter_misc":{"Dur\u00e9e de lecture estim\u00e9e":"2 minutes"},"schema":{"@context":"https:\/\/schema.org","@graph":[{"@type":"WebPage","@id":"https:\/\/bon-comme.eu\/?page_id=89","url":"https:\/\/bon-comme.eu\/?page_id=89","name":"Mati\u00e8res premi\u00e8res de qualit\u00e9 - Bon.comme","isPartOf":{"@id":"https:\/\/bon-comme.eu\/#website"},"primaryImageOfPage":{"@id":"https:\/\/bon-comme.eu\/?page_id=89#primaryimage"},"image":{"@id":"https:\/\/bon-comme.eu\/?page_id=89#primaryimage"},"thumbnailUrl":"https:\/\/bon-comme.eu\/wp-content\/uploads\/2019\/07\/IMG_7726-scaled.jpg","datePublished":"2019-08-19T07:36:40+00:00","dateModified":"2024-09-13T09:16:11+00:00","breadcrumb":{"@id":"https:\/\/bon-comme.eu\/?page_id=89#breadcrumb"},"inLanguage":"fr-FR","potentialAction":[{"@type":"ReadAction","target":["https:\/\/bon-comme.eu\/?page_id=89"]}]},{"@type":"ImageObject","inLanguage":"fr-FR","@id":"https:\/\/bon-comme.eu\/?page_id=89#primaryimage","url":"https:\/\/bon-comme.eu\/wp-content\/uploads\/2019\/07\/IMG_7726-scaled.jpg","contentUrl":"https:\/\/bon-comme.eu\/wp-content\/uploads\/2019\/07\/IMG_7726-scaled.jpg","width":2560,"height":1707},{"@type":"BreadcrumbList","@id":"https:\/\/bon-comme.eu\/?page_id=89#breadcrumb","itemListElement":[{"@type":"ListItem","position":1,"name":"Accueil","item":"https:\/\/bon-comme.eu\/"},{"@type":"ListItem","position":2,"name":"Mati\u00e8res premi\u00e8res de qualit\u00e9"}]},{"@type":"WebSite","@id":"https:\/\/bon-comme.eu\/#website","url":"https:\/\/bon-comme.eu\/","name":"Bon.comme","description":"Biscuiterie de tradition","publisher":{"@id":"https:\/\/bon-comme.eu\/#organization"},"potentialAction":[{"@type":"SearchAction","target":{"@type":"EntryPoint","urlTemplate":"https:\/\/bon-comme.eu\/?s={search_term_string}"},"query-input":{"@type":"PropertyValueSpecification","valueRequired":true,"valueName":"search_term_string"}}],"inLanguage":"fr-FR"},{"@type":"Organization","@id":"https:\/\/bon-comme.eu\/#organization","name":"Bon.comme","url":"https:\/\/bon-comme.eu\/","logo":{"@type":"ImageObject","inLanguage":"fr-FR","@id":"https:\/\/bon-comme.eu\/#\/schema\/logo\/image\/","url":"https:\/\/bon-comme.eu\/wp-content\/uploads\/2023\/12\/cropped-Etiquette-Biscuiterie.jpg","contentUrl":"https:\/\/bon-comme.eu\/wp-content\/uploads\/2023\/12\/cropped-Etiquette-Biscuiterie.jpg","width":250,"height":250,"caption":"Bon.comme"},"image":{"@id":"https:\/\/bon-comme.eu\/#\/schema\/logo\/image\/"}}]}},"_links":{"self":[{"href":"https:\/\/bon-comme.eu\/index.php?rest_route=\/wp\/v2\/pages\/89","targetHints":{"allow":["GET"]}}],"collection":[{"href":"https:\/\/bon-comme.eu\/index.php?rest_route=\/wp\/v2\/pages"}],"about":[{"href":"https:\/\/bon-comme.eu\/index.php?rest_route=\/wp\/v2\/types\/page"}],"author":[{"embeddable":true,"href":"https:\/\/bon-comme.eu\/index.php?rest_route=\/wp\/v2\/users\/1"}],"replies":[{"embeddable":true,"href":"https:\/\/bon-comme.eu\/index.php?rest_route=%2Fwp%2Fv2%2Fcomments&post=89"}],"version-history":[{"count":4,"href":"https:\/\/bon-comme.eu\/index.php?rest_route=\/wp\/v2\/pages\/89\/revisions"}],"predecessor-version":[{"id":203,"href":"https:\/\/bon-comme.eu\/index.php?rest_route=\/wp\/v2\/pages\/89\/revisions\/203"}],"wp:featuredmedia":[{"embeddable":true,"href":"https:\/\/bon-comme.eu\/index.php?rest_route=\/wp\/v2\/media\/39"}],"wp:attachment":[{"href":"https:\/\/bon-comme.eu\/index.php?rest_route=%2Fwp%2Fv2%2Fmedia&parent=89"}],"curies":[{"name":"wp","href":"https:\/\/api.w.org\/{rel}","templated":true}]}}