{"id":70,"date":"2019-07-26T14:58:14","date_gmt":"2019-07-26T12:58:14","guid":{"rendered":"http:\/\/bon-comme.eu\/?page_id=70"},"modified":"2024-09-13T11:26:47","modified_gmt":"2024-09-13T09:26:47","slug":"on-parle-de-nous","status":"publish","type":"page","link":"https:\/\/bon-comme.eu\/?page_id=70","title":{"rendered":"On parle de nous&#8230;"},"content":{"rendered":"<h5 class=\"wp-block-heading\">Dans les livres:<\/h5><p><img loading=\"lazy\" decoding=\"async\" width=\"150\" height=\"150\" class=\"wp-image-80\" style=\"width: 150px;\" src=\"http:\/\/bon-comme.eu\/wp-content\/uploads\/2019\/07\/bientot-a-table.png\" alt=\"\" srcset=\"https:\/\/bon-comme.eu\/wp-content\/uploads\/2019\/07\/bientot-a-table.png 800w, https:\/\/bon-comme.eu\/wp-content\/uploads\/2019\/07\/bientot-a-table-250x250.png 250w, https:\/\/bon-comme.eu\/wp-content\/uploads\/2019\/07\/bientot-a-table-100x100.png 100w, https:\/\/bon-comme.eu\/wp-content\/uploads\/2019\/07\/bientot-a-table-350x350.png 350w, https:\/\/bon-comme.eu\/wp-content\/uploads\/2019\/07\/bientot-a-table-150x150.png 150w, https:\/\/bon-comme.eu\/wp-content\/uploads\/2019\/07\/bientot-a-table-300x300.png 300w, https:\/\/bon-comme.eu\/wp-content\/uploads\/2019\/07\/bientot-a-table-768x768.png 768w\" sizes=\"auto, (max-width: 150px) 100vw, 150px\" \/><strong>de Pascale<\/strong>, Carlo; <strong>Moens<\/strong>, Sophie. <em>Bient\u00f4t \u00e0 table<\/em>. Edition Renaissance du livre, 296p.<\/p><p><\/p><h5 class=\"wp-block-heading\">Dans la presse:<\/h5><p>Dans Vers l&rsquo;Avenir (29 avril 2024): \u00ab\u00a0<a href=\"https:\/\/www.lavenir.net\/regions\/brabantwallon\/mont-saint-guibert\/2024\/04\/29\/mont-saint-guibert-apres-les-pains-voici-les-biscuits-de-boncomme-SSKPXUYBZ5AYPHMNT67S7F6FMY\/\">Mont-Saint-Guibert: Apr\u00e8s les pains, voici les biscuits de Bon.comme<\/a>\u00ab\u00a0<\/p><p>Dans So Soir (24 novembre 2018):  <a href=\"https:\/\/sosoir.lesoir.be\/ou-manger-du-tres-bon-pain-artisanal\">\u00ab\u00a0O\u00f9 manger du (tr\u00e8s) bon pain artisanal?\u00a0\u00bb<\/a><\/p><p>Dans le Vif Week-end (10 janvier 2018): <a href=\"https:\/\/weekend.levif.be\/lifestyle\/culinaire\/pain-visite-chez-bon-comme-boulangerie-extraordinaire\/article-normal-780893.html\">\u00ab\u00a0Pain : Visite chez Bon.Comme, boulangerie extraordinaire\u00a0\u00bb<\/a><\/p><p>Dans La Libre (31 juillet 2010):  <a href=\"https:\/\/lacuisineaquatremains.lalibre.be\/2010\/07\/31\/pascal-donnet-ou-le-vrai-gout-du-pain\/\">\u00ab\u00a0Pascal Donnet ou le vrai go\u00fbt du pain\u00a0\u00bb<\/a><\/p><h5 class=\"wp-block-heading\">A la t\u00e9l\u00e9vision:<\/h5><p>Sur TVCom (3 juin 2024): <a href=\"https:\/\/www.tvcom.be\/info\/economie\/decouverte-de-boncomme-une-biscuiterie-artisanale-mont-saint-guibert\/51762?fbclid=IwY2xjawFQ42xleHRuA2FlbQIxMQABHccN_gbLso806Z6JwEVUVI3ACu9PVo2m-ZpXVcaRAE7T3xLXEvi-dAjfIw_aem_eXlIgdW96Bl49mjdAtgkVg\">\u00ab\u00a0D\u00e9couverte de Bon.comme, une biscuiterie artisanale \u00e0 Mont-Saint-Guibert\u00a0\u00bb<\/a><\/p><p>Sur la Une (27 novembre 2013):  <a href=\"https:\/\/www.youtube.com\/watch?v=LSg4uxCZ3AE\">\u00ab\u00a0Questions \u00e0 la Une : O\u00f9 est pass\u00e9 le bon pain?\u00a0\u00bb <\/a>  (\u00e0 partir de 47:15)<\/p><p><\/p><p><\/p>","protected":false},"excerpt":{"rendered":"<p>Dans les livres: de Pascale, Carlo; Moens, Sophie. Bient\u00f4t \u00e0 table. Edition Renaissance du livre, 296p. Dans la presse: Dans Vers l&rsquo;Avenir (29 avril 2024): \u00ab\u00a0Mont-Saint-Guibert: Apr\u00e8s les pains, voici les biscuits de Bon.comme\u00ab\u00a0 Dans So Soir (24 novembre 2018): \u00ab\u00a0O\u00f9 manger du (tr\u00e8s) bon pain artisanal?\u00a0\u00bb Dans le Vif Week-end (10 janvier 2018): \u00ab\u00a0Pain &hellip; <\/p>\n<p class=\"link-more\"><a href=\"https:\/\/bon-comme.eu\/?page_id=70\" class=\"more-link\">Continuer la lecture<span class=\"screen-reader-text\"> de &laquo;&nbsp;On parle de nous&#8230;&nbsp;&raquo;<\/span><\/a><\/p>\n","protected":false},"author":1,"featured_media":0,"parent":0,"menu_order":0,"comment_status":"closed","ping_status":"closed","template":"","meta":{"footnotes":""},"class_list":["post-70","page","type-page","status-publish","hentry"],"yoast_head":"<!-- This site is optimized with the Yoast SEO plugin v23.9 - https:\/\/yoast.com\/wordpress\/plugins\/seo\/ -->\n<title>On parle de nous... - Bon.comme<\/title>\n<meta name=\"robots\" content=\"index, follow, max-snippet:-1, max-image-preview:large, max-video-preview:-1\" \/>\n<link rel=\"canonical\" href=\"https:\/\/bon-comme.eu\/?page_id=70\" \/>\n<meta property=\"og:locale\" content=\"fr_FR\" \/>\n<meta property=\"og:type\" content=\"article\" \/>\n<meta property=\"og:title\" content=\"On parle de nous... - Bon.comme\" \/>\n<meta property=\"og:description\" content=\"Dans les livres: de Pascale, Carlo; Moens, Sophie. Bient\u00f4t \u00e0 table. Edition Renaissance du livre, 296p. Dans la presse: Dans Vers l&rsquo;Avenir (29 avril 2024): \u00ab\u00a0Mont-Saint-Guibert: Apr\u00e8s les pains, voici les biscuits de Bon.comme\u00ab\u00a0 Dans So Soir (24 novembre 2018): \u00ab\u00a0O\u00f9 manger du (tr\u00e8s) bon pain artisanal?\u00a0\u00bb Dans le Vif Week-end (10 janvier 2018): \u00ab\u00a0Pain &hellip; Continuer la lecture de &laquo;&nbsp;On parle de nous&#8230;&nbsp;&raquo;\" \/>\n<meta property=\"og:url\" content=\"https:\/\/bon-comme.eu\/?page_id=70\" \/>\n<meta property=\"og:site_name\" content=\"Bon.comme\" \/>\n<meta property=\"article:modified_time\" content=\"2024-09-13T09:26:47+00:00\" \/>\n<meta property=\"og:image\" content=\"http:\/\/bon-comme.eu\/wp-content\/uploads\/2019\/07\/bientot-a-table.png\" \/>\n<meta name=\"twitter:card\" content=\"summary_large_image\" \/>\n<meta name=\"twitter:label1\" content=\"Dur\u00e9e de lecture estim\u00e9e\" \/>\n\t<meta name=\"twitter:data1\" content=\"1 minute\" \/>\n<script type=\"application\/ld+json\" class=\"yoast-schema-graph\">{\"@context\":\"https:\/\/schema.org\",\"@graph\":[{\"@type\":\"WebPage\",\"@id\":\"https:\/\/bon-comme.eu\/?page_id=70\",\"url\":\"https:\/\/bon-comme.eu\/?page_id=70\",\"name\":\"On parle de nous... - Bon.comme\",\"isPartOf\":{\"@id\":\"https:\/\/bon-comme.eu\/#website\"},\"primaryImageOfPage\":{\"@id\":\"https:\/\/bon-comme.eu\/?page_id=70#primaryimage\"},\"image\":{\"@id\":\"https:\/\/bon-comme.eu\/?page_id=70#primaryimage\"},\"thumbnailUrl\":\"http:\/\/bon-comme.eu\/wp-content\/uploads\/2019\/07\/bientot-a-table.png\",\"datePublished\":\"2019-07-26T12:58:14+00:00\",\"dateModified\":\"2024-09-13T09:26:47+00:00\",\"breadcrumb\":{\"@id\":\"https:\/\/bon-comme.eu\/?page_id=70#breadcrumb\"},\"inLanguage\":\"fr-FR\",\"potentialAction\":[{\"@type\":\"ReadAction\",\"target\":[\"https:\/\/bon-comme.eu\/?page_id=70\"]}]},{\"@type\":\"ImageObject\",\"inLanguage\":\"fr-FR\",\"@id\":\"https:\/\/bon-comme.eu\/?page_id=70#primaryimage\",\"url\":\"https:\/\/bon-comme.eu\/wp-content\/uploads\/2019\/07\/bientot-a-table.png\",\"contentUrl\":\"https:\/\/bon-comme.eu\/wp-content\/uploads\/2019\/07\/bientot-a-table.png\",\"width\":800,\"height\":800},{\"@type\":\"BreadcrumbList\",\"@id\":\"https:\/\/bon-comme.eu\/?page_id=70#breadcrumb\",\"itemListElement\":[{\"@type\":\"ListItem\",\"position\":1,\"name\":\"Accueil\",\"item\":\"https:\/\/bon-comme.eu\/\"},{\"@type\":\"ListItem\",\"position\":2,\"name\":\"On parle de nous&#8230;\"}]},{\"@type\":\"WebSite\",\"@id\":\"https:\/\/bon-comme.eu\/#website\",\"url\":\"https:\/\/bon-comme.eu\/\",\"name\":\"Bon.comme\",\"description\":\"Biscuiterie de tradition\",\"publisher\":{\"@id\":\"https:\/\/bon-comme.eu\/#organization\"},\"potentialAction\":[{\"@type\":\"SearchAction\",\"target\":{\"@type\":\"EntryPoint\",\"urlTemplate\":\"https:\/\/bon-comme.eu\/?s={search_term_string}\"},\"query-input\":{\"@type\":\"PropertyValueSpecification\",\"valueRequired\":true,\"valueName\":\"search_term_string\"}}],\"inLanguage\":\"fr-FR\"},{\"@type\":\"Organization\",\"@id\":\"https:\/\/bon-comme.eu\/#organization\",\"name\":\"Bon.comme\",\"url\":\"https:\/\/bon-comme.eu\/\",\"logo\":{\"@type\":\"ImageObject\",\"inLanguage\":\"fr-FR\",\"@id\":\"https:\/\/bon-comme.eu\/#\/schema\/logo\/image\/\",\"url\":\"https:\/\/bon-comme.eu\/wp-content\/uploads\/2023\/12\/cropped-Etiquette-Biscuiterie.jpg\",\"contentUrl\":\"https:\/\/bon-comme.eu\/wp-content\/uploads\/2023\/12\/cropped-Etiquette-Biscuiterie.jpg\",\"width\":250,\"height\":250,\"caption\":\"Bon.comme\"},\"image\":{\"@id\":\"https:\/\/bon-comme.eu\/#\/schema\/logo\/image\/\"}}]}<\/script>\n<!-- \/ Yoast SEO plugin. -->","yoast_head_json":{"title":"On parle de nous... - Bon.comme","robots":{"index":"index","follow":"follow","max-snippet":"max-snippet:-1","max-image-preview":"max-image-preview:large","max-video-preview":"max-video-preview:-1"},"canonical":"https:\/\/bon-comme.eu\/?page_id=70","og_locale":"fr_FR","og_type":"article","og_title":"On parle de nous... - Bon.comme","og_description":"Dans les livres: de Pascale, Carlo; Moens, Sophie. Bient\u00f4t \u00e0 table. Edition Renaissance du livre, 296p. Dans la presse: Dans Vers l&rsquo;Avenir (29 avril 2024): \u00ab\u00a0Mont-Saint-Guibert: Apr\u00e8s les pains, voici les biscuits de Bon.comme\u00ab\u00a0 Dans So Soir (24 novembre 2018): \u00ab\u00a0O\u00f9 manger du (tr\u00e8s) bon pain artisanal?\u00a0\u00bb Dans le Vif Week-end (10 janvier 2018): \u00ab\u00a0Pain &hellip; Continuer la lecture de &laquo;&nbsp;On parle de nous&#8230;&nbsp;&raquo;","og_url":"https:\/\/bon-comme.eu\/?page_id=70","og_site_name":"Bon.comme","article_modified_time":"2024-09-13T09:26:47+00:00","og_image":[{"url":"http:\/\/bon-comme.eu\/wp-content\/uploads\/2019\/07\/bientot-a-table.png"}],"twitter_card":"summary_large_image","twitter_misc":{"Dur\u00e9e de lecture estim\u00e9e":"1 minute"},"schema":{"@context":"https:\/\/schema.org","@graph":[{"@type":"WebPage","@id":"https:\/\/bon-comme.eu\/?page_id=70","url":"https:\/\/bon-comme.eu\/?page_id=70","name":"On parle de nous... - Bon.comme","isPartOf":{"@id":"https:\/\/bon-comme.eu\/#website"},"primaryImageOfPage":{"@id":"https:\/\/bon-comme.eu\/?page_id=70#primaryimage"},"image":{"@id":"https:\/\/bon-comme.eu\/?page_id=70#primaryimage"},"thumbnailUrl":"http:\/\/bon-comme.eu\/wp-content\/uploads\/2019\/07\/bientot-a-table.png","datePublished":"2019-07-26T12:58:14+00:00","dateModified":"2024-09-13T09:26:47+00:00","breadcrumb":{"@id":"https:\/\/bon-comme.eu\/?page_id=70#breadcrumb"},"inLanguage":"fr-FR","potentialAction":[{"@type":"ReadAction","target":["https:\/\/bon-comme.eu\/?page_id=70"]}]},{"@type":"ImageObject","inLanguage":"fr-FR","@id":"https:\/\/bon-comme.eu\/?page_id=70#primaryimage","url":"https:\/\/bon-comme.eu\/wp-content\/uploads\/2019\/07\/bientot-a-table.png","contentUrl":"https:\/\/bon-comme.eu\/wp-content\/uploads\/2019\/07\/bientot-a-table.png","width":800,"height":800},{"@type":"BreadcrumbList","@id":"https:\/\/bon-comme.eu\/?page_id=70#breadcrumb","itemListElement":[{"@type":"ListItem","position":1,"name":"Accueil","item":"https:\/\/bon-comme.eu\/"},{"@type":"ListItem","position":2,"name":"On parle de nous&#8230;"}]},{"@type":"WebSite","@id":"https:\/\/bon-comme.eu\/#website","url":"https:\/\/bon-comme.eu\/","name":"Bon.comme","description":"Biscuiterie de tradition","publisher":{"@id":"https:\/\/bon-comme.eu\/#organization"},"potentialAction":[{"@type":"SearchAction","target":{"@type":"EntryPoint","urlTemplate":"https:\/\/bon-comme.eu\/?s={search_term_string}"},"query-input":{"@type":"PropertyValueSpecification","valueRequired":true,"valueName":"search_term_string"}}],"inLanguage":"fr-FR"},{"@type":"Organization","@id":"https:\/\/bon-comme.eu\/#organization","name":"Bon.comme","url":"https:\/\/bon-comme.eu\/","logo":{"@type":"ImageObject","inLanguage":"fr-FR","@id":"https:\/\/bon-comme.eu\/#\/schema\/logo\/image\/","url":"https:\/\/bon-comme.eu\/wp-content\/uploads\/2023\/12\/cropped-Etiquette-Biscuiterie.jpg","contentUrl":"https:\/\/bon-comme.eu\/wp-content\/uploads\/2023\/12\/cropped-Etiquette-Biscuiterie.jpg","width":250,"height":250,"caption":"Bon.comme"},"image":{"@id":"https:\/\/bon-comme.eu\/#\/schema\/logo\/image\/"}}]}},"_links":{"self":[{"href":"https:\/\/bon-comme.eu\/index.php?rest_route=\/wp\/v2\/pages\/70","targetHints":{"allow":["GET"]}}],"collection":[{"href":"https:\/\/bon-comme.eu\/index.php?rest_route=\/wp\/v2\/pages"}],"about":[{"href":"https:\/\/bon-comme.eu\/index.php?rest_route=\/wp\/v2\/types\/page"}],"author":[{"embeddable":true,"href":"https:\/\/bon-comme.eu\/index.php?rest_route=\/wp\/v2\/users\/1"}],"replies":[{"embeddable":true,"href":"https:\/\/bon-comme.eu\/index.php?rest_route=%2Fwp%2Fv2%2Fcomments&post=70"}],"version-history":[{"count":9,"href":"https:\/\/bon-comme.eu\/index.php?rest_route=\/wp\/v2\/pages\/70\/revisions"}],"predecessor-version":[{"id":208,"href":"https:\/\/bon-comme.eu\/index.php?rest_route=\/wp\/v2\/pages\/70\/revisions\/208"}],"wp:attachment":[{"href":"https:\/\/bon-comme.eu\/index.php?rest_route=%2Fwp%2Fv2%2Fmedia&parent=70"}],"curies":[{"name":"wp","href":"https:\/\/api.w.org\/{rel}","templated":true}]}}